{"id":249,"date":"2025-01-17T11:57:54","date_gmt":"2025-01-17T10:57:54","guid":{"rendered":"https:\/\/www.angelopuggioni.com\/?page_id=249"},"modified":"2025-08-03T11:21:23","modified_gmt":"2025-08-03T09:21:23","slug":"quelle-therapie","status":"publish","type":"page","link":"https:\/\/www.angelopuggioni.com\/index.php\/quelle-therapie\/","title":{"rendered":"Quelle th\u00e9rapie?"},"content":{"rendered":"\n<ul class=\"wp-block-list\">\n<li><strong>Accueil et accompagnement th\u00e9rapeutique pour pr\u00e9adolescents et adolescents&nbsp;<\/strong>: Je re\u00e7ois en consultation des pr\u00e9adolescents et des adolescents (gar\u00e7ons et filles \u00e0 partir de l\u2019\u00e2ge de 11-12 ans) afin de les accompagner et les aider dans une p\u00e9riode de leur vie qui peut parfois \u00eatre tr\u00e8s difficile. Prenant conscience de certaines r\u00e9alit\u00e9s porteuses de questionnements nouveaux, l\u2019adolescent se trouve confront\u00e9, dans son cadre de vie familial, scolaire et social, \u00e0 des situations \u00e9motionnellement charg\u00e9es qui peuvent mettre \u00e0 mal son assurance affective et la confiance qu\u2019il peut faire aux autres et surtout \u00e0 soi-m\u00eame. Le v\u00e9cu de situations conflictuelles peut l\u2019induire \u00e0 int\u00e9grer une mauvaise image de soi \u00e0 laquelle il r\u00e9agira sur un mode actif (agressivit\u00e9 et troubles du comportement) ou passif (\u00e9tats de repli d\u00e9pressif et d\u00e9sinvestissement social et scolaire). L\u2019accompagnement psychologique est finalis\u00e9 \u00e0 cr\u00e9er une relation de confiance et de r\u00e9assurance dans laquelle l\u2019adolescent puisse s\u2019autoriser \u00e0 restaurer la repr\u00e9sentation qu\u2019il s\u2019est faite de lui-m\u00eame, des autres et du monde pour retrouver le d\u00e9sir de grandir sainement.<\/li>\n\n\n\n<li><strong>Accompagnement psychologique pour jeunes adultes<\/strong>: L\u2019\u00e9largissement du concept d\u2019adolescence et de post-adolescence \u00e0 de tranches d\u2019\u00e2ges de plus en plus \u00e9tendues a mis en \u00e9vidence, dans le monde d\u2019aujourd\u2019hui, des probl\u00e9matiques propres aux jeunes adultes (autour des 18-30 ans). Lors de certains p\u00e9riodes de transition, le jeune adulte est confront\u00e9 \u00e0 des choix de vie qui peuvent conditionner d\u2019importants aspects personnels, relationnels et professionnels pour le reste de sa vie. Dans le monde d\u2019aujourd\u2019hui, en constante mutation acc\u00e9l\u00e9r\u00e9e, aux pressions sociales, exacerb\u00e9es par l\u2019actuelle instabilit\u00e9 ambiante, s\u2019ajoutent des ressentis de fragilit\u00e9 et d\u2019ins\u00e9curit\u00e9 dus \u00e0 un manque de \u201cmaturit\u00e9\u201d \u00e9motionnelle et affective. C\u2019est souvent en cette p\u00e9riode de vie que des d\u00e9s\u00e9quilibres psychologiques momentan\u00e9s risquent de se muter en vrais syndromes pathologiques caract\u00e9ris\u00e9s par de formes vari\u00e9es d\u2019anxi\u00e9t\u00e9, de d\u00e9pression, d\u2019excitation maniaque ou d\u2019addiction. Un accompagnement psychologique ad\u00e9quat, particuli\u00e8rement adapt\u00e9 \u00e0 ces probl\u00e9matiques, est alors n\u00e9cessaire pour permettre au jeune sujet de continuer \u00e0 \u00e9voluer positivement dans le monde, tout en \u00e9laborant un mode de vie qui lui soit propre.\u00a0<\/li>\n\n\n\n<li><strong>Psychoth\u00e9rapie individuelle&nbsp;pour adultes&nbsp;<\/strong>: Il s\u2019agit d\u2019un travail que le sujet d\u00e9cide d\u2019entreprendre quand il se trouve confront\u00e9 \u00e0 une souffrance \u00e9motionnelle importante qui affecte sa vie quotidienne. La repr\u00e9sentation que la personne se fait d\u2019elle-m\u00eame est g\u00e9n\u00e9ralement n\u00e9gative. Les relations qu\u2019il tisse et entretient avec les autres, dans le cadre priv\u00e9, familial et professionnel, sont parasit\u00e9es par cette souffrance et par cette image de soi. Le travail psychoth\u00e9rapeutique est finalis\u00e9 non seulement&nbsp; \u00e0 identifier dans l\u2019histoire du sujet les facteurs qui ont laiss\u00e9 une trace \u00e9motionnelle n\u00e9gative et qui sont donc \u00e0 l\u2019origine de sa probl\u00e9matique, mais aussi et surtout \u00e0 \u201cd\u00e9verrouiller\u201d ces points de blocage \u00e9motionnel qui l\u2019enferment dans le cercle vicieux de la souffrance. La question du sens global de la vie, dans la particularit\u00e9 de l\u2019histoire de chacun, peut alors \u00eatre pos\u00e9e et d\u00e9velopp\u00e9e afin d\u2019envisager de nouvelles perspectives d\u2019avenir.<\/li>\n\n\n\n<li><strong>Relation parents-enfants&nbsp;<\/strong>: Beaucoup de parents se trouvent aujourd\u2019hui en difficult\u00e9 dans la relation avec leurs enfants en divers p\u00e9riodes de leur croissance. Dans cette relation il y a des enjeux affectifs importants, pour les enfants mais aussi pour les parents, qui s\u2019enracinent dans le v\u00e9cu de chaque parent et dans la dynamique de couple que s\u2019est instaur\u00e9e entre eux. Les nouvelles configurations familiales (familles monoparentales et familles recompos\u00e9es) multiplient et complexifient ces enjeux affectifs qui restent souvent inconscients. Les s\u00e9ances d\u2019accompagnement dans la relation parents-enfants sont finalis\u00e9es \u00e0 d\u00e9crypter ces enjeux, aidant les enfants \u00e0 se r\u00e9assurer affectivement dans la relation aux parents et permettant \u00e0 ceux-ci de retrouver leur place de parents fond\u00e9e sur un nouvel aplomb \u00e9ducatif.<\/li>\n\n\n\n<li><strong>Troubles post-traumatiques (EMDR)<\/strong>&nbsp;: Le sigle EMDR (Eyes Mouvement Desensitisation and Retraitement \u2013 D\u00e9sensibilisation et Retraitement par les Mouvements des Yeux) d\u00e9signe un outil th\u00e9rapeutique d\u2019origine am\u00e9ricaine qui est particuli\u00e8rement indiqu\u00e9 pour traiter tout probl\u00e8me psychologique ayant pour origine un \u00e9v\u00e9nement ou un v\u00e9cu traumatique. Ce n\u2019est pas une baguette magique, mais son efficacit\u00e9 \u00e0 \u00e9t\u00e9 d\u00e9montr\u00e9e par plusieurs \u00e9tudes (voir \u00e0 ce sujet le site officiel www.<strong>emdr<\/strong>&#8211;<strong>france<\/strong>.org\/). L\u2019EMDR ne peut pas \u00eatre consid\u00e9r\u00e9 comme une th\u00e9rapie en soi, mais plut\u00f4t comme un outil th\u00e9rapeutique utilis\u00e9 dans le cadre d\u2019un parcours th\u00e9rapeutique pour agir sur des points pr\u00e9cis de blocage \u00e9motionnel d\u2019origine traumatique. La connotation hypnotique de cet outil permet au sujet d\u2019entrer plus facilement en contact avec son \u201cr\u00e9seau \u00e9motionnel\u201d, de mieux percevoir les enjeux subconscients et inconscients de sa probl\u00e9matique et donc de pouvoir avoir une prises sur eux. L\u2019EMDR est consid\u00e9r\u00e9 comme faisant partie des th\u00e9rapies br\u00e8ves, mais chaque cas \u00e0 traiter doit \u00eatre consid\u00e9r\u00e9 dans sa sp\u00e9cificit\u00e9. Il peut \u00eatre adapt\u00e9 \u00e0 des enfants et \u00e0 des adolescents ayant subi des traumatismes.<\/li>\n\n\n\n<li><strong>Th\u00e9rapie de couple&nbsp;<\/strong>: il s\u2019agit de cr\u00e9er un espace et un temps d\u2019\u00e9change non ordinaires entre les deux conjoints afin que chacun puisse parler en son nom de ce qu\u2019il vit dans la vie de couple. Cela donne \u00e0 chacun la possibilit\u00e9 d\u2019\u00eatre \u00e9cout\u00e9 par son conjoint en pr\u00e9sence d\u2019une tierce personne (le psychologue), mettant de c\u00f4t\u00e9 les jugements, les attentes, les repr\u00e9sentations et les interpr\u00e9tations habituelles. La pr\u00e9sence du th\u00e9rapeute est finalis\u00e9e \u00e0 rendre vivant cet espace afin que chacun puisse l\u2019investir dans un esprit de libert\u00e9, de franchise et de respect. La condition n\u00e9cessaire pour ce travail est le d\u00e9sir commun d\u2019instaurer une nouvelle dynamique dans la vie du couple. Ce type de th\u00e9rapie comporte aussi quelques s\u00e9ances individuelles afin de mieux cerner les enjeux inconscients pr\u00e9sents dans la vie du couple.&nbsp;<\/li>\n<\/ul>\n\n\n","protected":false},"excerpt":{"rendered":"","protected":false},"author":1,"featured_media":0,"parent":0,"menu_order":0,"comment_status":"closed","ping_status":"closed","template":"","meta":{"footnotes":""},"class_list":["post-249","page","type-page","status-publish","hentry"],"_links":{"self":[{"href":"https:\/\/www.angelopuggioni.com\/index.php\/wp-json\/wp\/v2\/pages\/249","targetHints":{"allow":["GET"]}}],"collection":[{"href":"https:\/\/www.angelopuggioni.com\/index.php\/wp-json\/wp\/v2\/pages"}],"about":[{"href":"https:\/\/www.angelopuggioni.com\/index.php\/wp-json\/wp\/v2\/types\/page"}],"author":[{"embeddable":true,"href":"https:\/\/www.angelopuggioni.com\/index.php\/wp-json\/wp\/v2\/users\/1"}],"replies":[{"embeddable":true,"href":"https:\/\/www.angelopuggioni.com\/index.php\/wp-json\/wp\/v2\/comments?post=249"}],"version-history":[{"count":7,"href":"https:\/\/www.angelopuggioni.com\/index.php\/wp-json\/wp\/v2\/pages\/249\/revisions"}],"predecessor-version":[{"id":294,"href":"https:\/\/www.angelopuggioni.com\/index.php\/wp-json\/wp\/v2\/pages\/249\/revisions\/294"}],"wp:attachment":[{"href":"https:\/\/www.angelopuggioni.com\/index.php\/wp-json\/wp\/v2\/media?parent=249"}],"curies":[{"name":"wp","href":"https:\/\/api.w.org\/{rel}","templated":true}]}}