{"id":152,"date":"2024-01-22T21:22:01","date_gmt":"2024-01-22T20:22:01","guid":{"rendered":"https:\/\/www.angelo.roj.fr\/?page_id=152"},"modified":"2025-08-01T17:38:03","modified_gmt":"2025-08-01T15:38:03","slug":"tarfis","status":"publish","type":"page","link":"https:\/\/www.angelopuggioni.com\/index.php\/tarfis\/","title":{"rendered":"Tarifs"},"content":{"rendered":"\n<p class=\"has-text-align-center\"><strong>Dur\u00e9e des s\u00e9ances et tarifs<\/strong><\/p>\n\n\n\n<p class=\"has-normal-font-size\">La dur\u00e9e d\u2019une s\u00e9ance est d\u2019environ <strong>45-50 mn<\/strong>.<\/p>\n\n\n\n<p class=\"has-normal-font-size\">Le tarif est de <strong>50 \u20ac<\/strong> par s\u00e9ance. Lors de la premi\u00e8re s\u00e9ance de prise de contact et d&rsquo;\u00e9valuation, la possibilit\u00e9 d&rsquo;inscrire la d\u00e9marche th\u00e9rapeutique dans le dispositif \u201cmon soutient psy\u201d sera discut\u00e9e afin de permettre \u00e9ventuellement une prise en charge de la part de l&rsquo;Assurance Maladie et de la mutuelle personnelle. Les personnes inscrites \u00e0 la CSS peuvent b\u00e9n\u00e9ficier du tiers-payant.<\/p>\n\n\n\n<p><\/p>\n","protected":false},"excerpt":{"rendered":"<p>Dur\u00e9e des s\u00e9ances et tarifs La dur\u00e9e d\u2019une s\u00e9ance est d\u2019environ 45-50 mn. Le tarif est de 50 \u20ac par s\u00e9ance. Lors de la premi\u00e8re &hellip;<\/p>\n","protected":false},"author":1,"featured_media":150,"parent":0,"menu_order":0,"comment_status":"closed","ping_status":"closed","template":"","meta":{"footnotes":""},"class_list":["post-152","page","type-page","status-publish","has-post-thumbnail","hentry"],"_links":{"self":[{"href":"https:\/\/www.angelopuggioni.com\/index.php\/wp-json\/wp\/v2\/pages\/152","targetHints":{"allow":["GET"]}}],"collection":[{"href":"https:\/\/www.angelopuggioni.com\/index.php\/wp-json\/wp\/v2\/pages"}],"about":[{"href":"https:\/\/www.angelopuggioni.com\/index.php\/wp-json\/wp\/v2\/types\/page"}],"author":[{"embeddable":true,"href":"https:\/\/www.angelopuggioni.com\/index.php\/wp-json\/wp\/v2\/users\/1"}],"replies":[{"embeddable":true,"href":"https:\/\/www.angelopuggioni.com\/index.php\/wp-json\/wp\/v2\/comments?post=152"}],"version-history":[{"count":8,"href":"https:\/\/www.angelopuggioni.com\/index.php\/wp-json\/wp\/v2\/pages\/152\/revisions"}],"predecessor-version":[{"id":293,"href":"https:\/\/www.angelopuggioni.com\/index.php\/wp-json\/wp\/v2\/pages\/152\/revisions\/293"}],"wp:featuredmedia":[{"embeddable":true,"href":"https:\/\/www.angelopuggioni.com\/index.php\/wp-json\/wp\/v2\/media\/150"}],"wp:attachment":[{"href":"https:\/\/www.angelopuggioni.com\/index.php\/wp-json\/wp\/v2\/media?parent=152"}],"curies":[{"name":"wp","href":"https:\/\/api.w.org\/{rel}","templated":true}]}}