{"id":15,"date":"2024-01-11T21:16:53","date_gmt":"2024-01-11T20:16:53","guid":{"rendered":"https:\/\/www.angelo.roj.fr\/?page_id=15"},"modified":"2025-01-27T20:49:23","modified_gmt":"2025-01-27T19:49:23","slug":"page-principale","status":"publish","type":"page","link":"https:\/\/www.angelopuggioni.com\/index.php\/page-principale\/","title":{"rendered":"Questionner le sens&#8230;"},"content":{"rendered":"\n<p><\/p>\n\n\n\n<p>Aujourd\u2019hui, apr\u00e8s plusieurs ann\u00e9es d&rsquo;exp\u00e9rience professionnelle en tant qu\u2019<strong>\u00c9ducateur Sp\u00e9cialis\u00e9<\/strong> et ensuite en tant que <strong>Psychologue Clinicien<\/strong>, je propose une <strong>nouvelle approche th\u00e9rapeutique<\/strong>. Celle-ci, tout en partant toujours de la prise en compte psychologique des difficult\u00e9s et des souffrances de la personne qui vient consulter, est centr\u00e9e sur le d\u00e9sir profond que chaque \u00eatre humain a enfoui en soi&nbsp;: <strong>d\u00e9couvrir un sens \u00e0 son \u00eatre au monde<\/strong>. Cette approche s\u2019appuie sur une vision globale de la nature humaine, avec ses trois composantes intrins\u00e8quement li\u00e9es&nbsp;: la <strong>dimension somatique<\/strong>, la <strong>dimension psychique<\/strong> et la <strong>dimension existentielle<\/strong>. Cette derni\u00e8re est difficilement d\u00e9finissable parce que c\u2019est elle qui pose la question de l\u2019enracinement et de la place que chacun de nous occupe dans sa vie et dans la vie en g\u00e9n\u00e9ral. Pouvoir s\u2019inscrire, d\u2019une mani\u00e8re harmonieuse, dans une \u201clogique de vie\u201d suffisamment coh\u00e9rente est un facteur essentiel de sant\u00e9 et d\u2019\u00e9panouissement. Le <strong>psychologue-th\u00e9rapeute<\/strong> n\u2019est pas un coach de d\u00e9veloppement personnel ni un dispensateur de conseils ou d\u2019enseignements&nbsp;; il est plut\u00f4t un <strong>accompagnateur<\/strong> qui questionne son interlocuteur afin de l\u2019aider \u00e0 avancer sur son chemin. Dans cette optique, la qualit\u00e9 de la <strong>relation humaine<\/strong> est en soi un \u00e9l\u00e9ment fondateur du travail th\u00e9rapeutique. Malgr\u00e9 les souffrances et les difficult\u00e9s qui ont marqu\u00e9 l\u2019histoire personnelle de chacun de nous, il est toujours possible de s\u2019engager sur un chemin de recherche afin de<strong> donner un sens \u00e0 ses choix de vie<\/strong>.<\/p>\n\n\n\n<p>Mon approche th\u00e9rapeutique, qui s\u2019adresse autant aux <strong>adultes <\/strong>qu\u2019aux <strong>adolescents<\/strong>, est modulable selon les diverses situations. Il se d\u00e9cline essentiellement en deux dispositifs possibles&nbsp;:<\/p>\n\n\n\n<ul class=\"wp-block-list\">\n<li>des <strong>entretiens d\u2019accompagnement individuel<\/strong>, dans lesquels la personne est invit\u00e9e, \u00e0 travers la prise en compte de son histoire et de ses difficult\u00e9s, \u00e0 \u00e9clairer les profondeurs de son d\u00e9sir de vie&nbsp;;<\/li>\n\n\n\n<li>des <strong>\u00e9changes collectifs<\/strong> sous diff\u00e9rentes formes de petits groupes d\u2019approfondissement et de partage, appel\u00e9s <strong>Cercles de R\u00e9flexion et de Dialogue.<\/strong><\/li>\n<\/ul>\n\n\n\n<p>Afin de permettre \u00e0 tous ceux qui le d\u00e9sirent d\u2019avoir acc\u00e8s \u00e0 la th\u00e9rapie, la grille tarifaire est adapt\u00e9e aux possibilit\u00e9s de chacun.<\/p>\n\n\n\n<p><\/p>\n\n\n\n<p class=\"justification_text\"><\/p>\n\n\n\n<p><\/p>\n","protected":false},"excerpt":{"rendered":"<p>Aujourd\u2019hui, apr\u00e8s plusieurs ann\u00e9es d&rsquo;exp\u00e9rience professionnelle en tant qu\u2019\u00c9ducateur Sp\u00e9cialis\u00e9 et ensuite en tant que Psychologue Clinicien, je propose une nouvelle approche th\u00e9rapeutique. Celle-ci, tout &hellip;<\/p>\n","protected":false},"author":1,"featured_media":150,"parent":0,"menu_order":0,"comment_status":"closed","ping_status":"closed","template":"","meta":{"footnotes":""},"class_list":["post-15","page","type-page","status-publish","has-post-thumbnail","hentry"],"_links":{"self":[{"href":"https:\/\/www.angelopuggioni.com\/index.php\/wp-json\/wp\/v2\/pages\/15","targetHints":{"allow":["GET"]}}],"collection":[{"href":"https:\/\/www.angelopuggioni.com\/index.php\/wp-json\/wp\/v2\/pages"}],"about":[{"href":"https:\/\/www.angelopuggioni.com\/index.php\/wp-json\/wp\/v2\/types\/page"}],"author":[{"embeddable":true,"href":"https:\/\/www.angelopuggioni.com\/index.php\/wp-json\/wp\/v2\/users\/1"}],"replies":[{"embeddable":true,"href":"https:\/\/www.angelopuggioni.com\/index.php\/wp-json\/wp\/v2\/comments?post=15"}],"version-history":[{"count":23,"href":"https:\/\/www.angelopuggioni.com\/index.php\/wp-json\/wp\/v2\/pages\/15\/revisions"}],"predecessor-version":[{"id":248,"href":"https:\/\/www.angelopuggioni.com\/index.php\/wp-json\/wp\/v2\/pages\/15\/revisions\/248"}],"wp:featuredmedia":[{"embeddable":true,"href":"https:\/\/www.angelopuggioni.com\/index.php\/wp-json\/wp\/v2\/media\/150"}],"wp:attachment":[{"href":"https:\/\/www.angelopuggioni.com\/index.php\/wp-json\/wp\/v2\/media?parent=15"}],"curies":[{"name":"wp","href":"https:\/\/api.w.org\/{rel}","templated":true}]}}