{"id":140,"date":"2024-01-15T22:17:38","date_gmt":"2024-01-15T21:17:38","guid":{"rendered":"https:\/\/www.angelo.roj.fr\/?page_id=140"},"modified":"2025-01-30T17:14:20","modified_gmt":"2025-01-30T16:14:20","slug":"page-3","status":"publish","type":"page","link":"https:\/\/www.angelopuggioni.com\/index.php\/page-3\/","title":{"rendered":"Pr\u00e9sentation"},"content":{"rendered":"\n<p class=\"has-text-align-center justification_text has-normal-font-size\" style=\"font-style:normal;font-weight:400\"><strong>ANGELO PUGGIONI<\/strong><\/p>\n\n\n<div class=\"wp-block-image\">\n<figure class=\"aligncenter size-large is-resized\"><img loading=\"lazy\" decoding=\"async\" width=\"798\" height=\"1024\" src=\"https:\/\/www.angelopuggioni.com\/wp-content\/uploads\/2025\/01\/DSC_0071-798x1024.jpg\" alt=\"\" class=\"wp-image-278\" style=\"width:251px;height:auto\" srcset=\"https:\/\/www.angelopuggioni.com\/wp-content\/uploads\/2025\/01\/DSC_0071-798x1024.jpg 798w, https:\/\/www.angelopuggioni.com\/wp-content\/uploads\/2025\/01\/DSC_0071-234x300.jpg 234w, https:\/\/www.angelopuggioni.com\/wp-content\/uploads\/2025\/01\/DSC_0071-768x986.jpg 768w, https:\/\/www.angelopuggioni.com\/wp-content\/uploads\/2025\/01\/DSC_0071-1197x1536.jpg 1197w, https:\/\/www.angelopuggioni.com\/wp-content\/uploads\/2025\/01\/DSC_0071-1595x2048.jpg 1595w, https:\/\/www.angelopuggioni.com\/wp-content\/uploads\/2025\/01\/DSC_0071-scaled.jpg 1994w\" sizes=\"auto, (max-width: 798px) 100vw, 798px\" \/><\/figure>\n<\/div>\n\n\n<p class=\"has-text-align-left justification_text has-normal-font-size\" style=\"font-style:normal;font-weight:400\"><em>Je suis n\u00e9 et j&rsquo;ai grandi \u00e0 Rome o\u00f9 j&rsquo;ai suivi des \u00e9tudes secondaires. Apr\u00e8s avoir obtenu une Ma\u00eetrise en Sociologie de la Communication \u00e0 l&rsquo;Universit\u00e9 de Bologne,<\/em><em> j&rsquo;ai eu un parcours professionnel assez atypique allant des m\u00e9dias audiovisuels au travail th\u00e9\u00e2tral, de l\u2019animation culturelle \u00e0 l\u2019exploitation agricole. Je me suis \u00e9tabli en France avec ma famille en 1989 o\u00f9 j\u2019ai travaill\u00e9 en tant qu\u2019\u00c9ducateur Sp\u00e9cialis\u00e9 aupr\u00e8s d\u2019enfants et d\u2019adolescents en difficult\u00e9s. Les courtes mais tr\u00e8s intenses exp\u00e9riences dans des missions \u00e9ducatives dans des contextes de conflits arm\u00e9s (Bosnie et Kosovo) m\u2019ont beaucoup marqu\u00e9 en me poussant \u00e0 approfondir les probl\u00e9matiques psychologiques li\u00e9es aux divers traumatismes. Tout en continuent \u00e0 travailler comme \u00e9ducateur, j\u2019ai suivi une formation en Psychologie et Psychopathologie Clinique \u00e0 l\u2019Universit\u00e9 Lyon 2, obtenant le Master 2 en 2001. A partir de cette date, j\u2019ai exerc\u00e9 comme Psychologue Clinicien en lib\u00e9ral et en institution (notamment au Centre \u00c9ducatif Renforc\u00e9 du Pouzin). J\u2019ai \u00e9t\u00e9 form\u00e9 \u00e0 l\u2019EMDR par David Servan-Schreiber. J\u2019ai \u00e9t\u00e9 charg\u00e9 de cours \u00e0 l\u2019Universit\u00e9 Lyon 2 ainsi que formateur, superviseur et intervenant dans diff\u00e9rentes institutions sociales et \u00e9ducatives \u00e0 Lyon et \u00e0 Valence. J\u2019ai collabor\u00e9 avec l\u2019Association SEVE, fond\u00e9e par Fr\u00e9d\u00e9rique Lenoir, en tant qu\u2019animateur et formateur d\u2019intervenants en atelier philosophiques dans les \u00e9coles, les coll\u00e8ges et les lyc\u00e9es. Aujourd\u2019hui, riche de mon exp\u00e9rience professionnelle \u00e9ducative et th\u00e9rapeutique, j\u2019exerce en tant que Psychologue Clinicien \u00e0 Guilherand-Granges, avec l\u2019exigence de red\u00e9finir ma posture professionnelle de th\u00e9rapeute en interrogeant le sens global du soin qui se doit de prendre en compte toutes les dimension de la nature humaine (psychique, somatique et existentielle). Dans ma pratique actuelle, la qualit\u00e9 de la relation humaine est la cl\u00e9 de voute d\u2019un parcours th\u00e9rapeutique centr\u00e9 sur la question du sens global de la probl\u00e9matique trait\u00e9e. Je continue \u00e0 approfondir la r\u00e9flexion sur diff\u00e9rentes probl\u00e9matiques concernant la condition humaine et je participe \u00e0 des formations sur ces sujets. \u00a0<\/em><\/p>\n\n\n\n<p class=\"has-text-align-left justification_text has-normal-font-size\" style=\"font-style:normal;font-weight:400\"><\/p>\n\n\n\n<p><\/p>\n\n\n\n<p><\/p>\n\n\n\n<p><\/p>\n","protected":false},"excerpt":{"rendered":"<p>ANGELO PUGGIONI Je suis n\u00e9 et j&rsquo;ai grandi \u00e0 Rome o\u00f9 j&rsquo;ai suivi des \u00e9tudes secondaires. Apr\u00e8s avoir obtenu une Ma\u00eetrise en Sociologie de la &hellip;<\/p>\n","protected":false},"author":1,"featured_media":150,"parent":0,"menu_order":0,"comment_status":"closed","ping_status":"closed","template":"","meta":{"footnotes":""},"class_list":["post-140","page","type-page","status-publish","has-post-thumbnail","hentry"],"_links":{"self":[{"href":"https:\/\/www.angelopuggioni.com\/index.php\/wp-json\/wp\/v2\/pages\/140","targetHints":{"allow":["GET"]}}],"collection":[{"href":"https:\/\/www.angelopuggioni.com\/index.php\/wp-json\/wp\/v2\/pages"}],"about":[{"href":"https:\/\/www.angelopuggioni.com\/index.php\/wp-json\/wp\/v2\/types\/page"}],"author":[{"embeddable":true,"href":"https:\/\/www.angelopuggioni.com\/index.php\/wp-json\/wp\/v2\/users\/1"}],"replies":[{"embeddable":true,"href":"https:\/\/www.angelopuggioni.com\/index.php\/wp-json\/wp\/v2\/comments?post=140"}],"version-history":[{"count":24,"href":"https:\/\/www.angelopuggioni.com\/index.php\/wp-json\/wp\/v2\/pages\/140\/revisions"}],"predecessor-version":[{"id":288,"href":"https:\/\/www.angelopuggioni.com\/index.php\/wp-json\/wp\/v2\/pages\/140\/revisions\/288"}],"wp:featuredmedia":[{"embeddable":true,"href":"https:\/\/www.angelopuggioni.com\/index.php\/wp-json\/wp\/v2\/media\/150"}],"wp:attachment":[{"href":"https:\/\/www.angelopuggioni.com\/index.php\/wp-json\/wp\/v2\/media?parent=140"}],"curies":[{"name":"wp","href":"https:\/\/api.w.org\/{rel}","templated":true}]}}